{"id":1083,"date":"2022-01-24T16:03:15","date_gmt":"2022-01-24T15:03:15","guid":{"rendered":"http:\/\/gourmet-asie-saintes.fr\/?page_id=1083"},"modified":"2024-02-08T11:54:48","modified_gmt":"2024-02-08T10:54:48","slug":"tarifs-offres","status":"publish","type":"page","link":"https:\/\/gourmet-asie-saintes.fr\/index.php\/tarifs-offres\/","title":{"rendered":"Sur place"},"content":{"rendered":"\t\t<div data-elementor-type=\"wp-page\" data-elementor-id=\"1083\" class=\"elementor elementor-1083\" data-elementor-post-type=\"page\">\n\t\t\t\t\t\t<section class=\"elementor-section elementor-top-section elementor-element elementor-element-52bfe27b elementor-section-height-min-height elementor-section-content-middle elementor-section-boxed elementor-section-height-default elementor-section-items-middle\" data-id=\"52bfe27b\" data-element_type=\"section\" data-settings=\"{&quot;background_background&quot;:&quot;classic&quot;,&quot;shape_divider_bottom&quot;:&quot;triangle&quot;}\">\n\t\t\t\t\t\t\t<div class=\"elementor-background-overlay\"><\/div>\n\t\t\t\t\t\t<div class=\"elementor-shape elementor-shape-bottom\" data-negative=\"false\">\n\t\t\t<svg xmlns=\"http:\/\/www.w3.org\/2000\/svg\" viewBox=\"0 0 1000 100\" preserveAspectRatio=\"none\">\n\t<path class=\"elementor-shape-fill\" d=\"M500,98.9L0,6.1V0h1000v6.1L500,98.9z\"\/>\n<\/svg>\t\t<\/div>\n\t\t\t\t\t<div class=\"elementor-container elementor-column-gap-extended\">\n\t\t\t\t\t<div class=\"elementor-column elementor-col-16 elementor-top-column elementor-element elementor-element-33255135\" data-id=\"33255135\" data-element_type=\"column\">\n\t\t\t<div class=\"elementor-widget-wrap\">\n\t\t\t\t\t\t\t<\/div>\n\t\t<\/div>\n\t\t\t\t<div class=\"elementor-column elementor-col-66 elementor-top-column elementor-element elementor-element-92283b3\" data-id=\"92283b3\" data-element_type=\"column\">\n\t\t\t<div class=\"elementor-widget-wrap elementor-element-populated\">\n\t\t\t\t\t\t<div class=\"elementor-element elementor-element-7a8cab6c elementor-widget elementor-widget-image\" data-id=\"7a8cab6c\" data-element_type=\"widget\" data-widget_type=\"image.default\">\n\t\t\t\t<div class=\"elementor-widget-container\">\n\t\t\t\t\t\t\t\t\t\t\t\t\t<img decoding=\"async\" width=\"200\" height=\"35\" src=\"https:\/\/gourmet-asie-saintes.fr\/wp-content\/uploads\/2022\/01\/divider-free-img-1.png\" class=\"attachment-full size-full wp-image-859\" alt=\"\" \/>\t\t\t\t\t\t\t\t\t\t\t\t\t<\/div>\n\t\t\t\t<\/div>\n\t\t\t\t<div class=\"elementor-element elementor-element-255eabae elementor-invisible elementor-widget elementor-widget-heading\" data-id=\"255eabae\" data-element_type=\"widget\" data-settings=\"{&quot;_animation&quot;:&quot;fadeInUp&quot;,&quot;_animation_delay&quot;:200}\" data-widget_type=\"heading.default\">\n\t\t\t\t<div class=\"elementor-widget-container\">\n\t\t\t<h1 class=\"elementor-heading-title elementor-size-xxl\">SUR PLACE<\/h1>\t\t<\/div>\n\t\t\t\t<\/div>\n\t\t\t\t<div class=\"elementor-element elementor-element-298e7f2a elementor-hidden-phone elementor-invisible elementor-widget elementor-widget-text-editor\" data-id=\"298e7f2a\" data-element_type=\"widget\" data-settings=\"{&quot;_animation&quot;:&quot;fadeInUp&quot;,&quot;_animation_delay&quot;:400}\" data-widget_type=\"text-editor.default\">\n\t\t\t\t<div class=\"elementor-widget-container\">\n\t\t\t\t\t\t\t<div class=\"row\"><div class=\"column large-24\"><div class=\"block-slogan\"><span class=\"txt\">Un professionnel de la cuisine asiatique<\/span><\/div><\/div><\/div><div class=\"row nap\"><div class=\"column large-24\"><div class=\"row collapse contact\"><div class=\"column\"><div class=\"block-contact\"><div class=\"contact-address\"><p>145 Avenue Gambetta<\/p><p>17100 SAINTES<\/p><\/div><p class=\"contact-telephone\"><a class=\"tag-calltracking\" href=\"tel:+33546742818\">05 46 74 28 18 \u00a0\/ <\/a><a href=\"tel:+ 06.29.91.50.54\">06 29 91 50 54<\/a><\/p><p><span class=\"appelLocal\">(Prix d&rsquo;un appel local)<\/span><\/p><\/div><\/div><\/div><\/div><\/div>\t\t\t\t\t\t<\/div>\n\t\t\t\t<\/div>\n\t\t\t\t\t<\/div>\n\t\t<\/div>\n\t\t\t\t<div class=\"elementor-column elementor-col-16 elementor-top-column elementor-element elementor-element-6b8d3009\" data-id=\"6b8d3009\" data-element_type=\"column\">\n\t\t\t<div class=\"elementor-widget-wrap\">\n\t\t\t\t\t\t\t<\/div>\n\t\t<\/div>\n\t\t\t\t\t<\/div>\n\t\t<\/section>\n\t\t\t\t<section class=\"elementor-section elementor-top-section elementor-element elementor-element-3018024 elementor-section-boxed elementor-section-height-default elementor-section-height-default\" data-id=\"3018024\" data-element_type=\"section\">\n\t\t\t\t\t\t<div class=\"elementor-container elementor-column-gap-default\">\n\t\t\t\t\t<div class=\"elementor-column elementor-col-100 elementor-top-column elementor-element elementor-element-4823dcd\" data-id=\"4823dcd\" data-element_type=\"column\">\n\t\t\t<div class=\"elementor-widget-wrap elementor-element-populated\">\n\t\t\t\t\t\t<div class=\"elementor-element elementor-element-d24ea9c elementor-widget elementor-widget-spacer\" data-id=\"d24ea9c\" data-element_type=\"widget\" data-widget_type=\"spacer.default\">\n\t\t\t\t<div class=\"elementor-widget-container\">\n\t\t\t\t\t<div class=\"elementor-spacer\">\n\t\t\t<div class=\"elementor-spacer-inner\"><\/div>\n\t\t<\/div>\n\t\t\t\t<\/div>\n\t\t\t\t<\/div>\n\t\t\t\t<div class=\"elementor-element elementor-element-224b8c7 elementor-widget elementor-widget-heading\" data-id=\"224b8c7\" data-element_type=\"widget\" data-widget_type=\"heading.default\">\n\t\t\t\t<div class=\"elementor-widget-container\">\n\t\t\t<h2 class=\"elementor-heading-title elementor-size-large\">LE GOURMET D'ASIE VOUS R\u00c9COMPENSE POUR VOTRE FID\u00c9LIT\u00c9 :<\/h2>\t\t<\/div>\n\t\t\t\t<\/div>\n\t\t\t\t\t<\/div>\n\t\t<\/div>\n\t\t\t\t\t<\/div>\n\t\t<\/section>\n\t\t\t\t<section class=\"elementor-section elementor-top-section elementor-element elementor-element-63a502d elementor-section-boxed elementor-section-height-default elementor-section-height-default\" data-id=\"63a502d\" data-element_type=\"section\">\n\t\t\t\t\t\t<div class=\"elementor-container elementor-column-gap-default\">\n\t\t\t\t\t<div class=\"elementor-column elementor-col-50 elementor-top-column elementor-element elementor-element-bc5be3b\" data-id=\"bc5be3b\" data-element_type=\"column\">\n\t\t\t<div class=\"elementor-widget-wrap elementor-element-populated\">\n\t\t\t\t\t\t<div class=\"elementor-element elementor-element-d9e1700 elementor-widget elementor-widget-heading\" data-id=\"d9e1700\" data-element_type=\"widget\" data-widget_type=\"heading.default\">\n\t\t\t\t<div class=\"elementor-widget-container\">\n\t\t\t<h2 class=\"elementor-heading-title elementor-size-medium\">1 CARTE : 3 FORMULES GAGNANTES ! <\/h2>\t\t<\/div>\n\t\t\t\t<\/div>\n\t\t\t\t<div class=\"elementor-element elementor-element-25408aa elementor-widget elementor-widget-text-editor\" data-id=\"25408aa\" data-element_type=\"widget\" data-widget_type=\"text-editor.default\">\n\t\t\t\t<div class=\"elementor-widget-container\">\n\t\t\t\t\t\t\t<p>&#8211; Repas du midi \u00e0 15,90\u20ac \u00a0: le 16\u00e8me offert\u00a0<\/p><p>&#8211; Repas du soir et week-end \u00e0 21,90\u20ac : le 16\u00e8me offert\u00a0<\/p><p>&#8211; Vente \u00e0 emporter (plateau : 14,50\u20ac)<\/p>\t\t\t\t\t\t<\/div>\n\t\t\t\t<\/div>\n\t\t\t\t\t<\/div>\n\t\t<\/div>\n\t\t\t\t<div class=\"elementor-column elementor-col-50 elementor-top-column elementor-element elementor-element-d805350\" data-id=\"d805350\" data-element_type=\"column\">\n\t\t\t<div class=\"elementor-widget-wrap elementor-element-populated\">\n\t\t\t\t\t\t<div class=\"elementor-element elementor-element-5fa662d elementor-widget elementor-widget-heading\" data-id=\"5fa662d\" data-element_type=\"widget\" data-widget_type=\"heading.default\">\n\t\t\t\t<div class=\"elementor-widget-container\">\n\t\t\t<h2 class=\"elementor-heading-title elementor-size-medium\">HORAIRES<\/h2>\t\t<\/div>\n\t\t\t\t<\/div>\n\t\t\t\t<div class=\"elementor-element elementor-element-b1aa270 elementor-widget elementor-widget-spacer\" data-id=\"b1aa270\" data-element_type=\"widget\" data-widget_type=\"spacer.default\">\n\t\t\t\t<div class=\"elementor-widget-container\">\n\t\t\t\t\t<div class=\"elementor-spacer\">\n\t\t\t<div class=\"elementor-spacer-inner\"><\/div>\n\t\t<\/div>\n\t\t\t\t<\/div>\n\t\t\t\t<\/div>\n\t\t\t\t<div class=\"elementor-element elementor-element-4fab011 elementor-widget elementor-widget-text-editor\" data-id=\"4fab011\" data-element_type=\"widget\" data-widget_type=\"text-editor.default\">\n\t\t\t\t<div class=\"elementor-widget-container\">\n\t\t\t\t\t\t\t<div>Ouvert de 12 \u00e0 14H et de 19h \u00e0 22h<\/div><div>Ferm\u00e9 le mardi\u00a0<\/div>\t\t\t\t\t\t<\/div>\n\t\t\t\t<\/div>\n\t\t\t\t\t<\/div>\n\t\t<\/div>\n\t\t\t\t\t<\/div>\n\t\t<\/section>\n\t\t\t\t<section class=\"elementor-section elementor-top-section elementor-element elementor-element-a81b4ba elementor-section-boxed elementor-section-height-default elementor-section-height-default\" data-id=\"a81b4ba\" data-element_type=\"section\">\n\t\t\t\t\t\t<div class=\"elementor-container elementor-column-gap-default\">\n\t\t\t\t\t<div class=\"elementor-column elementor-col-100 elementor-top-column elementor-element elementor-element-a0830fe\" data-id=\"a0830fe\" data-element_type=\"column\">\n\t\t\t<div class=\"elementor-widget-wrap elementor-element-populated\">\n\t\t\t\t\t\t<div class=\"elementor-element elementor-element-d3d1e95 elementor-widget-divider--view-line elementor-widget elementor-widget-divider\" data-id=\"d3d1e95\" data-element_type=\"widget\" data-widget_type=\"divider.default\">\n\t\t\t\t<div class=\"elementor-widget-container\">\n\t\t\t\t\t<div class=\"elementor-divider\">\n\t\t\t<span class=\"elementor-divider-separator\">\n\t\t\t\t\t\t<\/span>\n\t\t<\/div>\n\t\t\t\t<\/div>\n\t\t\t\t<\/div>\n\t\t\t\t<div class=\"elementor-element elementor-element-c5fc108 elementor-widget elementor-widget-heading\" data-id=\"c5fc108\" data-element_type=\"widget\" data-widget_type=\"heading.default\">\n\t\t\t\t<div class=\"elementor-widget-container\">\n\t\t\t<h2 class=\"elementor-heading-title elementor-size-large\">PLATS \u00c0 EMPORTER ET GRILLADES (17)<\/h2>\t\t<\/div>\n\t\t\t\t<\/div>\n\t\t\t\t<div class=\"elementor-element elementor-element-af80ac8 elementor-widget elementor-widget-spacer\" data-id=\"af80ac8\" data-element_type=\"widget\" data-widget_type=\"spacer.default\">\n\t\t\t\t<div class=\"elementor-widget-container\">\n\t\t\t\t\t<div class=\"elementor-spacer\">\n\t\t\t<div class=\"elementor-spacer-inner\"><\/div>\n\t\t<\/div>\n\t\t\t\t<\/div>\n\t\t\t\t<\/div>\n\t\t\t\t\t<\/div>\n\t\t<\/div>\n\t\t\t\t\t<\/div>\n\t\t<\/section>\n\t\t\t\t<section class=\"elementor-section elementor-top-section elementor-element elementor-element-a8919ab elementor-section-boxed elementor-section-height-default elementor-section-height-default\" data-id=\"a8919ab\" data-element_type=\"section\">\n\t\t\t\t\t\t<div class=\"elementor-container elementor-column-gap-default\">\n\t\t\t\t\t<div class=\"elementor-column elementor-col-50 elementor-top-column elementor-element elementor-element-8498647\" data-id=\"8498647\" data-element_type=\"column\">\n\t\t\t<div class=\"elementor-widget-wrap elementor-element-populated\">\n\t\t\t\t\t\t<div class=\"elementor-element elementor-element-11c694c elementor-widget elementor-widget-spacer\" data-id=\"11c694c\" data-element_type=\"widget\" data-widget_type=\"spacer.default\">\n\t\t\t\t<div class=\"elementor-widget-container\">\n\t\t\t\t\t<div class=\"elementor-spacer\">\n\t\t\t<div class=\"elementor-spacer-inner\"><\/div>\n\t\t<\/div>\n\t\t\t\t<\/div>\n\t\t\t\t<\/div>\n\t\t\t\t<div class=\"elementor-element elementor-element-d37567d elementor-widget elementor-widget-image\" data-id=\"d37567d\" data-element_type=\"widget\" data-widget_type=\"image.default\">\n\t\t\t\t<div class=\"elementor-widget-container\">\n\t\t\t\t\t\t\t\t\t\t\t\t\t<img fetchpriority=\"high\" decoding=\"async\" width=\"792\" height=\"445\" src=\"https:\/\/gourmet-asie-saintes.fr\/wp-content\/uploads\/2022\/01\/d8ce2e64aae7.png\" class=\"attachment-full size-full wp-image-1141\" alt=\"\" srcset=\"https:\/\/gourmet-asie-saintes.fr\/wp-content\/uploads\/2022\/01\/d8ce2e64aae7.png 792w, https:\/\/gourmet-asie-saintes.fr\/wp-content\/uploads\/2022\/01\/d8ce2e64aae7-300x169.png 300w, https:\/\/gourmet-asie-saintes.fr\/wp-content\/uploads\/2022\/01\/d8ce2e64aae7-768x432.png 768w\" sizes=\"(max-width: 792px) 100vw, 792px\" \/>\t\t\t\t\t\t\t\t\t\t\t\t\t<\/div>\n\t\t\t\t<\/div>\n\t\t\t\t\t<\/div>\n\t\t<\/div>\n\t\t\t\t<div class=\"elementor-column elementor-col-50 elementor-top-column elementor-element elementor-element-466bc0e\" data-id=\"466bc0e\" data-element_type=\"column\">\n\t\t\t<div class=\"elementor-widget-wrap elementor-element-populated\">\n\t\t\t\t\t\t<div class=\"elementor-element elementor-element-27a8437 elementor-widget elementor-widget-text-editor\" data-id=\"27a8437\" data-element_type=\"widget\" data-widget_type=\"text-editor.default\">\n\t\t\t\t<div class=\"elementor-widget-container\">\n\t\t\t\t\t\t\t<p><strong>Vente \u00e0 emporter<\/strong><\/p>\n<ul>\n<li>Plateau \u00e0 emporter \u00e0 composer au buffet &#8211; 14,50 \u20ac<\/li>\n<\/ul>\n<p><strong>Buffet &nbsp;\u00e0 volont\u00e9 et grillades \u00e0 volont\u00e9<\/strong><\/p>\n<ul>\n<li>Wok et grillades tout les Jours<\/li>\n<li>Du lundi au vendredi midi &#8211; 15,90 \u20ac<\/li>\n<li>Le soir, le week-end et les jours f\u00e9ri\u00e9s &#8211; 21,90\u20ac<\/li>\n<\/ul>\n<p><strong>Enfant<\/strong><\/p>\n<ul>\n<li>De 0 \u00e0 90 cm &#8211; Gratuit<\/li>\n<li>De 90 \u00e0 110 cm &#8211; 8,00 \u20ac<\/li>\n<li>De 110 \u00e0 130 cm &#8211; 10,00 \u20ac<\/li>\n<li>De 130 \u00e0 150 cm &#8211; 12,00 \u20ac<\/li>\n<li>A partir de 150 cm &#8211; Tarif adulte<\/li>\n<\/ul>\t\t\t\t\t\t<\/div>\n\t\t\t\t<\/div>\n\t\t\t\t<div class=\"elementor-element elementor-element-17e3ff8 elementor-align-right elementor-widget elementor-widget-button\" data-id=\"17e3ff8\" data-element_type=\"widget\" data-widget_type=\"button.default\">\n\t\t\t\t<div class=\"elementor-widget-container\">\n\t\t\t\t\t\t\t<div class=\"elementor-button-wrapper\">\n\t\t\t\t\t<a class=\"elementor-button elementor-button-link elementor-size-sm\" href=\"#\">\n\t\t\t\t\t\t<span class=\"elementor-button-content-wrapper\">\n\t\t\t\t\t\t\t\t\t<span class=\"elementor-button-text\">D\u00e9couvrir la carte<\/span>\n\t\t\t\t\t<\/span>\n\t\t\t\t\t<\/a>\n\t\t\t\t<\/div>\n\t\t\t\t\t\t<\/div>\n\t\t\t\t<\/div>\n\t\t\t\t\t<\/div>\n\t\t<\/div>\n\t\t\t\t\t<\/div>\n\t\t<\/section>\n\t\t\t\t<section class=\"elementor-section elementor-top-section elementor-element elementor-element-9ffe1a8 elementor-section-boxed elementor-section-height-default elementor-section-height-default\" data-id=\"9ffe1a8\" data-element_type=\"section\">\n\t\t\t\t\t\t<div class=\"elementor-container elementor-column-gap-default\">\n\t\t\t\t\t<div class=\"elementor-column elementor-col-100 elementor-top-column elementor-element elementor-element-12d9a9b\" data-id=\"12d9a9b\" data-element_type=\"column\">\n\t\t\t<div class=\"elementor-widget-wrap elementor-element-populated\">\n\t\t\t\t\t\t<div class=\"elementor-element elementor-element-65e99d9 elementor-widget elementor-widget-spacer\" data-id=\"65e99d9\" data-element_type=\"widget\" data-widget_type=\"spacer.default\">\n\t\t\t\t<div class=\"elementor-widget-container\">\n\t\t\t\t\t<div class=\"elementor-spacer\">\n\t\t\t<div class=\"elementor-spacer-inner\"><\/div>\n\t\t<\/div>\n\t\t\t\t<\/div>\n\t\t\t\t<\/div>\n\t\t\t\t\t<\/div>\n\t\t<\/div>\n\t\t\t\t\t<\/div>\n\t\t<\/section>\n\t\t\t\t<\/div>\n\t\t","protected":false},"excerpt":{"rendered":"<p>SUR PLACE Un professionnel de la cuisine asiatique 145 Avenue Gambetta 17100 SAINTES 05 46 74 28 18 \u00a0\/ 06 29 91 50 54 (Prix d&rsquo;un appel local) LE GOURMET D&rsquo;ASIE VOUS R\u00c9COMPENSE POUR VOTRE FID\u00c9LIT\u00c9 : 1 CARTE : 3 FORMULES GAGNANTES ! &#8211; Repas du midi \u00e0 15,90\u20ac \u00a0: le 16\u00e8me offert\u00a0 &#8211; &hellip;<\/p>\n<p class=\"read-more\"> <a class=\"\" href=\"https:\/\/gourmet-asie-saintes.fr\/index.php\/tarifs-offres\/\"> <span class=\"screen-reader-text\">Sur place<\/span> Lire la suite\u00a0\u00bb<\/a><\/p>\n","protected":false},"author":1,"featured_media":0,"parent":0,"menu_order":0,"comment_status":"closed","ping_status":"closed","template":"","meta":{"site-sidebar-layout":"no-sidebar","site-content-layout":"page-builder","ast-site-content-layout":"","site-content-style":"default","site-sidebar-style":"default","ast-global-header-display":"","ast-banner-title-visibility":"","ast-main-header-display":"","ast-hfb-above-header-display":"","ast-hfb-below-header-display":"","ast-hfb-mobile-header-display":"","site-post-title":"disabled","ast-breadcrumbs-content":"","ast-featured-img":"disabled","footer-sml-layout":"","theme-transparent-header-meta":"","adv-header-id-meta":"","stick-header-meta":"","header-above-stick-meta":"","header-main-stick-meta":"","header-below-stick-meta":"","astra-migrate-meta-layouts":"","footnotes":""},"class_list":["post-1083","page","type-page","status-publish","hentry"],"yoast_head":"<!-- This site is optimized with the Yoast SEO plugin v24.0 - https:\/\/yoast.com\/wordpress\/plugins\/seo\/ -->\n<title>Sur place - Gourmet d&#039;Asie<\/title>\n<meta name=\"robots\" content=\"index, follow, max-snippet:-1, max-image-preview:large, max-video-preview:-1\" \/>\n<link rel=\"canonical\" href=\"https:\/\/gourmet-asie-saintes.fr\/index.php\/tarifs-offres\/\" \/>\n<meta property=\"og:locale\" content=\"fr_FR\" \/>\n<meta property=\"og:type\" content=\"article\" \/>\n<meta property=\"og:title\" content=\"Sur place - Gourmet d&#039;Asie\" \/>\n<meta property=\"og:description\" content=\"SUR PLACE Un professionnel de la cuisine asiatique 145 Avenue Gambetta 17100 SAINTES 05 46 74 28 18 \u00a0\/ 06 29 91 50 54 (Prix d&rsquo;un appel local) LE GOURMET D&rsquo;ASIE VOUS R\u00c9COMPENSE POUR VOTRE FID\u00c9LIT\u00c9 : 1 CARTE : 3 FORMULES GAGNANTES ! &#8211; Repas du midi \u00e0 15,90\u20ac \u00a0: le 16\u00e8me offert\u00a0 &#8211; &hellip; Sur place Lire la suite\u00a0\u00bb\" \/>\n<meta property=\"og:url\" content=\"https:\/\/gourmet-asie-saintes.fr\/index.php\/tarifs-offres\/\" \/>\n<meta property=\"og:site_name\" content=\"Gourmet d&#039;Asie\" \/>\n<meta property=\"article:modified_time\" content=\"2024-02-08T10:54:48+00:00\" \/>\n<meta property=\"og:image\" content=\"http:\/\/gourmet-asie-saintes.fr\/wp-content\/uploads\/2022\/01\/divider-free-img-1.png\" \/>\n<meta name=\"twitter:card\" content=\"summary_large_image\" \/>\n<meta name=\"twitter:label1\" content=\"Dur\u00e9e de lecture estim\u00e9e\" \/>\n\t<meta name=\"twitter:data1\" content=\"2 minutes\" \/>\n<script type=\"application\/ld+json\" class=\"yoast-schema-graph\">{\"@context\":\"https:\/\/schema.org\",\"@graph\":[{\"@type\":\"WebPage\",\"@id\":\"https:\/\/gourmet-asie-saintes.fr\/index.php\/tarifs-offres\/\",\"url\":\"https:\/\/gourmet-asie-saintes.fr\/index.php\/tarifs-offres\/\",\"name\":\"Sur place - Gourmet d&#039;Asie\",\"isPartOf\":{\"@id\":\"https:\/\/gourmet-asie-saintes.fr\/#website\"},\"primaryImageOfPage\":{\"@id\":\"https:\/\/gourmet-asie-saintes.fr\/index.php\/tarifs-offres\/#primaryimage\"},\"image\":{\"@id\":\"https:\/\/gourmet-asie-saintes.fr\/index.php\/tarifs-offres\/#primaryimage\"},\"thumbnailUrl\":\"http:\/\/gourmet-asie-saintes.fr\/wp-content\/uploads\/2022\/01\/divider-free-img-1.png\",\"datePublished\":\"2022-01-24T15:03:15+00:00\",\"dateModified\":\"2024-02-08T10:54:48+00:00\",\"breadcrumb\":{\"@id\":\"https:\/\/gourmet-asie-saintes.fr\/index.php\/tarifs-offres\/#breadcrumb\"},\"inLanguage\":\"fr-FR\",\"potentialAction\":[{\"@type\":\"ReadAction\",\"target\":[\"https:\/\/gourmet-asie-saintes.fr\/index.php\/tarifs-offres\/\"]}]},{\"@type\":\"ImageObject\",\"inLanguage\":\"fr-FR\",\"@id\":\"https:\/\/gourmet-asie-saintes.fr\/index.php\/tarifs-offres\/#primaryimage\",\"url\":\"https:\/\/gourmet-asie-saintes.fr\/wp-content\/uploads\/2022\/01\/divider-free-img-1.png\",\"contentUrl\":\"https:\/\/gourmet-asie-saintes.fr\/wp-content\/uploads\/2022\/01\/divider-free-img-1.png\",\"width\":200,\"height\":35},{\"@type\":\"BreadcrumbList\",\"@id\":\"https:\/\/gourmet-asie-saintes.fr\/index.php\/tarifs-offres\/#breadcrumb\",\"itemListElement\":[{\"@type\":\"ListItem\",\"position\":1,\"name\":\"Accueil\",\"item\":\"https:\/\/gourmet-asie-saintes.fr\/\"},{\"@type\":\"ListItem\",\"position\":2,\"name\":\"Sur place\"}]},{\"@type\":\"WebSite\",\"@id\":\"https:\/\/gourmet-asie-saintes.fr\/#website\",\"url\":\"https:\/\/gourmet-asie-saintes.fr\/\",\"name\":\"Gourmet d&#039;Asie\",\"description\":\"Restaurant Asiatique Saintes\",\"publisher\":{\"@id\":\"https:\/\/gourmet-asie-saintes.fr\/#organization\"},\"potentialAction\":[{\"@type\":\"SearchAction\",\"target\":{\"@type\":\"EntryPoint\",\"urlTemplate\":\"https:\/\/gourmet-asie-saintes.fr\/?s={search_term_string}\"},\"query-input\":{\"@type\":\"PropertyValueSpecification\",\"valueRequired\":true,\"valueName\":\"search_term_string\"}}],\"inLanguage\":\"fr-FR\"},{\"@type\":\"Organization\",\"@id\":\"https:\/\/gourmet-asie-saintes.fr\/#organization\",\"name\":\"Gourmet d&#039;Asie\",\"url\":\"https:\/\/gourmet-asie-saintes.fr\/\",\"logo\":{\"@type\":\"ImageObject\",\"inLanguage\":\"fr-FR\",\"@id\":\"https:\/\/gourmet-asie-saintes.fr\/#\/schema\/logo\/image\/\",\"url\":\"https:\/\/gourmet-asie-saintes.fr\/wp-content\/uploads\/2022\/01\/cropped-494d6f6b379d.png\",\"contentUrl\":\"https:\/\/gourmet-asie-saintes.fr\/wp-content\/uploads\/2022\/01\/cropped-494d6f6b379d.png\",\"width\":1200,\"height\":247,\"caption\":\"Gourmet d&#039;Asie\"},\"image\":{\"@id\":\"https:\/\/gourmet-asie-saintes.fr\/#\/schema\/logo\/image\/\"}}]}<\/script>\n<!-- \/ Yoast SEO plugin. -->","yoast_head_json":{"title":"Sur place - Gourmet d&#039;Asie","robots":{"index":"index","follow":"follow","max-snippet":"max-snippet:-1","max-image-preview":"max-image-preview:large","max-video-preview":"max-video-preview:-1"},"canonical":"https:\/\/gourmet-asie-saintes.fr\/index.php\/tarifs-offres\/","og_locale":"fr_FR","og_type":"article","og_title":"Sur place - Gourmet d&#039;Asie","og_description":"SUR PLACE Un professionnel de la cuisine asiatique 145 Avenue Gambetta 17100 SAINTES 05 46 74 28 18 \u00a0\/ 06 29 91 50 54 (Prix d&rsquo;un appel local) LE GOURMET D&rsquo;ASIE VOUS R\u00c9COMPENSE POUR VOTRE FID\u00c9LIT\u00c9 : 1 CARTE : 3 FORMULES GAGNANTES ! &#8211; Repas du midi \u00e0 15,90\u20ac \u00a0: le 16\u00e8me offert\u00a0 &#8211; &hellip; Sur place Lire la suite\u00a0\u00bb","og_url":"https:\/\/gourmet-asie-saintes.fr\/index.php\/tarifs-offres\/","og_site_name":"Gourmet d&#039;Asie","article_modified_time":"2024-02-08T10:54:48+00:00","og_image":[{"url":"http:\/\/gourmet-asie-saintes.fr\/wp-content\/uploads\/2022\/01\/divider-free-img-1.png","type":"","width":"","height":""}],"twitter_card":"summary_large_image","twitter_misc":{"Dur\u00e9e de lecture estim\u00e9e":"2 minutes"},"schema":{"@context":"https:\/\/schema.org","@graph":[{"@type":"WebPage","@id":"https:\/\/gourmet-asie-saintes.fr\/index.php\/tarifs-offres\/","url":"https:\/\/gourmet-asie-saintes.fr\/index.php\/tarifs-offres\/","name":"Sur place - Gourmet d&#039;Asie","isPartOf":{"@id":"https:\/\/gourmet-asie-saintes.fr\/#website"},"primaryImageOfPage":{"@id":"https:\/\/gourmet-asie-saintes.fr\/index.php\/tarifs-offres\/#primaryimage"},"image":{"@id":"https:\/\/gourmet-asie-saintes.fr\/index.php\/tarifs-offres\/#primaryimage"},"thumbnailUrl":"http:\/\/gourmet-asie-saintes.fr\/wp-content\/uploads\/2022\/01\/divider-free-img-1.png","datePublished":"2022-01-24T15:03:15+00:00","dateModified":"2024-02-08T10:54:48+00:00","breadcrumb":{"@id":"https:\/\/gourmet-asie-saintes.fr\/index.php\/tarifs-offres\/#breadcrumb"},"inLanguage":"fr-FR","potentialAction":[{"@type":"ReadAction","target":["https:\/\/gourmet-asie-saintes.fr\/index.php\/tarifs-offres\/"]}]},{"@type":"ImageObject","inLanguage":"fr-FR","@id":"https:\/\/gourmet-asie-saintes.fr\/index.php\/tarifs-offres\/#primaryimage","url":"https:\/\/gourmet-asie-saintes.fr\/wp-content\/uploads\/2022\/01\/divider-free-img-1.png","contentUrl":"https:\/\/gourmet-asie-saintes.fr\/wp-content\/uploads\/2022\/01\/divider-free-img-1.png","width":200,"height":35},{"@type":"BreadcrumbList","@id":"https:\/\/gourmet-asie-saintes.fr\/index.php\/tarifs-offres\/#breadcrumb","itemListElement":[{"@type":"ListItem","position":1,"name":"Accueil","item":"https:\/\/gourmet-asie-saintes.fr\/"},{"@type":"ListItem","position":2,"name":"Sur place"}]},{"@type":"WebSite","@id":"https:\/\/gourmet-asie-saintes.fr\/#website","url":"https:\/\/gourmet-asie-saintes.fr\/","name":"Gourmet d&#039;Asie","description":"Restaurant Asiatique Saintes","publisher":{"@id":"https:\/\/gourmet-asie-saintes.fr\/#organization"},"potentialAction":[{"@type":"SearchAction","target":{"@type":"EntryPoint","urlTemplate":"https:\/\/gourmet-asie-saintes.fr\/?s={search_term_string}"},"query-input":{"@type":"PropertyValueSpecification","valueRequired":true,"valueName":"search_term_string"}}],"inLanguage":"fr-FR"},{"@type":"Organization","@id":"https:\/\/gourmet-asie-saintes.fr\/#organization","name":"Gourmet d&#039;Asie","url":"https:\/\/gourmet-asie-saintes.fr\/","logo":{"@type":"ImageObject","inLanguage":"fr-FR","@id":"https:\/\/gourmet-asie-saintes.fr\/#\/schema\/logo\/image\/","url":"https:\/\/gourmet-asie-saintes.fr\/wp-content\/uploads\/2022\/01\/cropped-494d6f6b379d.png","contentUrl":"https:\/\/gourmet-asie-saintes.fr\/wp-content\/uploads\/2022\/01\/cropped-494d6f6b379d.png","width":1200,"height":247,"caption":"Gourmet d&#039;Asie"},"image":{"@id":"https:\/\/gourmet-asie-saintes.fr\/#\/schema\/logo\/image\/"}}]}},"jetpack_sharing_enabled":true,"_links":{"self":[{"href":"https:\/\/gourmet-asie-saintes.fr\/index.php\/wp-json\/wp\/v2\/pages\/1083","targetHints":{"allow":["GET"]}}],"collection":[{"href":"https:\/\/gourmet-asie-saintes.fr\/index.php\/wp-json\/wp\/v2\/pages"}],"about":[{"href":"https:\/\/gourmet-asie-saintes.fr\/index.php\/wp-json\/wp\/v2\/types\/page"}],"author":[{"embeddable":true,"href":"https:\/\/gourmet-asie-saintes.fr\/index.php\/wp-json\/wp\/v2\/users\/1"}],"replies":[{"embeddable":true,"href":"https:\/\/gourmet-asie-saintes.fr\/index.php\/wp-json\/wp\/v2\/comments?post=1083"}],"version-history":[{"count":51,"href":"https:\/\/gourmet-asie-saintes.fr\/index.php\/wp-json\/wp\/v2\/pages\/1083\/revisions"}],"predecessor-version":[{"id":1756,"href":"https:\/\/gourmet-asie-saintes.fr\/index.php\/wp-json\/wp\/v2\/pages\/1083\/revisions\/1756"}],"wp:attachment":[{"href":"https:\/\/gourmet-asie-saintes.fr\/index.php\/wp-json\/wp\/v2\/media?parent=1083"}],"curies":[{"name":"wp","href":"https:\/\/api.w.org\/{rel}","templated":true}]}}